{"id":65,"date":"2018-06-19T10:44:17","date_gmt":"2018-06-19T10:44:17","guid":{"rendered":"https:\/\/www.kvarner-adventures.hr\/about-us\/"},"modified":"2025-10-27T09:08:46","modified_gmt":"2025-10-27T09:08:46","slug":"o-nama","status":"publish","type":"page","link":"https:\/\/www.kvarner-adventures.hr\/en\/o-nama\/","title":{"rendered":"About Us"},"content":{"rendered":"<div data-elementor-type=\"wp-page\" data-elementor-id=\"65\" class=\"elementor elementor-65\">\n\t\t\t\t<div class=\"aux-parallax-section elementor-element elementor-element-5e36217 e-flex e-con-boxed e-con e-parent\" data-id=\"5e36217\" data-element_type=\"container\" data-settings=\"{&quot;background_background&quot;:&quot;classic&quot;}\">\n\t\t\t\t\t<div class=\"e-con-inner\">\n\t\t<div class=\"elementor-element elementor-element-8504aa0 aux-appear-watch-animation aux-fade-in-right e-con-full e-flex e-con e-child\" data-id=\"8504aa0\" data-element_type=\"container\" data-settings=\"{&quot;background_background&quot;:&quot;classic&quot;}\">\n\t\t\t\t<div class=\"elementor-element elementor-element-121a779 elementor-widget elementor-widget-aux_modern_heading\" data-id=\"121a779\" data-element_type=\"widget\" data-widget_type=\"aux_modern_heading.default\">\n\t\t\t\t<div class=\"elementor-widget-container\">\n\t\t\t\t\t<section class=\"aux-widget-modern-heading\">\n            <div class=\"aux-widget-inner\"><h2 class=\"aux-modern-heading-primary\">About Us<\/h2><\/div>\n        <\/section>\t\t\t\t<\/div>\n\t\t\t\t<\/div>\n\t\t\t\t<\/div>\n\t\t\t\t\t<\/div>\n\t\t\t\t<\/div>\n\t\t<div class=\"aux-parallax-section elementor-element elementor-element-46e1247 e-flex e-con-boxed e-con e-parent\" data-id=\"46e1247\" data-element_type=\"container\">\n\t\t\t\t\t<div class=\"e-con-inner\">\n\t\t<div class=\"elementor-element elementor-element-baae426 e-con-full e-flex e-con e-child\" data-id=\"baae426\" data-element_type=\"container\">\n\t\t\t\t<div class=\"elementor-element elementor-element-ab98aaa aux-appear-watch-animation aux-fade-in-up elementor-widget elementor-widget-aux_modern_heading\" data-id=\"ab98aaa\" data-element_type=\"widget\" data-widget_type=\"aux_modern_heading.default\">\n\t\t\t\t<div class=\"elementor-widget-container\">\n\t\t\t\t\t<section class=\"aux-widget-modern-heading\">\n            <div class=\"aux-widget-inner\"><h2 class=\"aux-modern-heading-primary\">ADVENTURE AND RELAXATION, ALL IN ONE PLACE<\/h2><h3 class=\"aux-modern-heading-secondary\"><span class=\"aux-head-before\">Welcome to Kvarner Adventures<\/span><\/h3><div class=\"aux-modern-heading-divider\"><\/div><div class=\"aux-modern-heading-description\"><p data-start=\"197\" data-end=\"425\" class=\"translation-block\"><span class=\"_fadeIn_m1hgl_8\">Experience <\/span><span class=\"_fadeIn_m1hgl_8\">unforgettable <\/span><span class=\"_fadeIn_m1hgl_8\">boat <\/span><span class=\"_fadeIn_m1hgl_8\">tours <\/span><span class=\"_fadeIn_m1hgl_8\">and <\/span><span class=\"_fadeIn_m1hgl_8\">adventures <\/span><span class=\"_fadeIn_m1hgl_8\">in <\/span><span class=\"_fadeIn_m1hgl_8\">the heart <\/span><span class=\"_fadeIn_m1hgl_8\">of the Kvarner <\/span><span class=\"_fadeIn_m1hgl_8\">Bay. <\/span><span class=\"_fadeIn_m1hgl_8\">Explore <\/span><strong><span class=\"_fadeIn_m1hgl_8\">the islands <\/span><span class=\"_fadeIn_m1hgl_8\">Rab, <\/span><span class=\"_fadeIn_m1hgl_8\">Pag, <\/span><span class=\"_fadeIn_m1hgl_8\">Goli <\/span><span class=\"_fadeIn_m1hgl_8\">otok <\/span><span class=\"_fadeIn_m1hgl_8\">and <\/span><span class=\"_fadeIn_m1hgl_8\">Sveti <\/span><\/strong><span class=\"_fadeIn_m1hgl_8\"><strong>Grgur<\/strong>, <\/span><span class=\"_fadeIn_m1hgl_8\">hidden <\/span><span class=\"_fadeIn_m1hgl_8\">coves <\/span><span class=\"_fadeIn_m1hgl_8\">like <\/span><strong><span class=\"_fadeIn_m1hgl_8\">Zavratnica <\/span><\/strong><span class=\"_fadeIn_m1hgl_8\">and <\/span><span class=\"_fadeIn_m1hgl_8\"><strong>Jablanac<\/strong>, <\/span><span class=\"_fadeIn_m1hgl_8\">and the unique <\/span><span class=\"_fadeIn_m1hgl_8\">nature <\/span><strong><span class=\"_fadeIn_m1hgl_8\">of the <\/span><span class=\"_fadeIn_m1hgl_8\">Northern <\/span><\/strong><span class=\"_fadeIn_m1hgl_8\"><strong>Velebit National Park<\/strong>.<\/span><\/p><p data-start=\"427\" data-end=\"532\" class=\"translation-block\"><span class=\"_fadeIn_m1hgl_8\">For <\/span><span class=\"_fadeIn_m1hgl_8\">thrill-seekers, <\/span><span class=\"_fadeIn_m1hgl_8\">we offer <\/span><strong data-start=\"459\" data-end=\"504\"><span class=\"_fadeIn_m1hgl_8\">quad <\/span><span class=\"_fadeIn_m1hgl_8\">tours <\/span><span class=\"_fadeIn_m1hgl_8\">through <\/span><span class=\"_fadeIn_m1hgl_8\">Kvarner\u2019s <\/span><span class=\"_fadeIn_m1hgl_8\">untouched <\/span><span class=\"_fadeIn_m1hgl_8\">nature<\/span><\/strong><span class=\"_fadeIn_m1hgl_8\">, <\/span><span class=\"_fadeIn_m1hgl_8\">perfect <\/span><span class=\"_fadeIn_m1hgl_8\">for an <\/span><span class=\"_fadeIn_m1hgl_8\">active vacation.<\/span><\/p><p class=\"western translation-block\" lang=\"hr-HR\">After a day full of exploring, relax in our <strong>comfortable apartments<\/strong> located in <strong>Jablanac<\/strong>, perfect for couples, families, and groups.<\/p><p class=\"western translation-block\" lang=\"hr-HR\">With us, you'll experience Kvarner from a different perspective \u2013 through <strong>sea, mountains, history, and adventure<\/strong>. Whether you seek a peaceful sail or an exciting off-road ride, <strong>Kvarner Adventures<\/strong> offers an authentic experience you'll remember.<\/p><\/div><\/div>\n        <\/section>\t\t\t\t<\/div>\n\t\t\t\t<\/div>\n\t\t\t\t<div class=\"elementor-element elementor-element-bd8b673 elementor-widget elementor-widget-aux_modern_button\" data-id=\"bd8b673\" data-element_type=\"widget\" data-widget_type=\"aux_modern_button.default\">\n\t\t\t\t<div class=\"elementor-widget-container\">\n\t\t\t\t\t    <div class=\"aux-modern-button-wrapper aux-modern-button-align-left\" >\n                    <a class=\"aux-modern-button aux-black aux-modern-button-md aux-modern-button-normal aux-modern-button-outline aux-icon-\" href=\"https:\/\/www.kvarner-adventures.hr\/en\/usluge\/\">\n                <div class=\"aux-overlay\"><\/div>\n                                <div class=\"aux-text\">\n<span class=\"aux-text-before\">OUR SERVICES<\/span>                <\/div>\n            <\/a>\n            \n    <\/div>\n\n    \t\t\t\t<\/div>\n\t\t\t\t<\/div>\n\t\t\t\t<\/div>\n\t\t<div class=\"elementor-element elementor-element-3704b04 aux-appear-watch-animation aux-scale-down e-con-full e-flex e-con e-child\" data-id=\"3704b04\" data-element_type=\"container\">\n\t\t\t\t<div class=\"elementor-element elementor-element-8db1082 elementor-widget elementor-widget-aux_image\" data-id=\"8db1082\" data-element_type=\"widget\" data-widget_type=\"aux_image.default\">\n\t\t\t\t<div class=\"elementor-widget-container\">\n\t\t\t\t\t<section class=\"widget-container aux-widget-image aux-alignnone aux-parent-au76c40cac\">\n    <div class=\"aux-media-hint-frame\">\n        <div class=\"aux-media-image\" >\n        \n            \n\n            \n            <img fetchpriority=\"high\" decoding=\"async\" width=\"784\" height=\"700\" src=\"data:image\/gif;base64,R0lGODlhAQABAIAAAAAAAP\/\/\/yH5BAEAAAAALAAAAAABAAEAAAIBRAA7\" class=\"aux-attachment aux-featured-image aux-attachment-id-1345 aux-preload aux-blank\" alt=\"Brodski izlet Kvarner \u2013 posjet otoku Rabu, Pagu, Golom otoku, Sv. Grguru i uvali Zavratnica i Jablanac\" data-ratio=\"1.12\" data-original-w=\"1210\" sizes=\"auto\" data-srcset=\"https:\/\/www.kvarner-adventures.hr\/wp-content\/uploads\/2025\/05\/brodski-izlet-kvarner-rab-goli-otok-2-150x134.webp 150w,https:\/\/www.kvarner-adventures.hr\/wp-content\/uploads\/2025\/05\/brodski-izlet-kvarner-rab-goli-otok-2-300x268.webp 300w,https:\/\/www.kvarner-adventures.hr\/wp-content\/uploads\/2025\/05\/brodski-izlet-kvarner-rab-goli-otok-2-768x686.webp 768w,https:\/\/www.kvarner-adventures.hr\/wp-content\/uploads\/2025\/05\/brodski-izlet-kvarner-rab-goli-otok-2-1024x914.webp 1024w,https:\/\/www.kvarner-adventures.hr\/wp-content\/uploads\/2025\/05\/brodski-izlet-kvarner-rab-goli-otok-2-784x700.webp 784w\" data-src=\"https:\/\/www.kvarner-adventures.hr\/wp-content\/uploads\/2025\/05\/brodski-izlet-kvarner-rab-goli-otok-2-784x700.webp\" \/>            \n                <\/div>\n    <\/div>\n\n<\/section><!-- widget-container -->\t\t\t\t<\/div>\n\t\t\t\t<\/div>\n\t\t\t\t<\/div>\n\t\t\t\t\t<\/div>\n\t\t\t\t<\/div>\n\t\t<div class=\"aux-parallax-section elementor-element elementor-element-4d997f7 e-flex e-con-boxed e-con e-parent\" data-id=\"4d997f7\" data-element_type=\"container\">\n\t\t\t\t\t<div class=\"e-con-inner\">\n\t\t<div class=\"elementor-element elementor-element-2303d7b6 e-con-full e-flex e-con e-child\" data-id=\"2303d7b6\" data-element_type=\"container\" data-settings=\"{&quot;background_background&quot;:&quot;classic&quot;}\">\n\t\t\t\t<div class=\"elementor-element elementor-element-6ddd70b aux-appear-watch-animation aux-scale-down elementor-widget elementor-widget-aux_modern_heading\" data-id=\"6ddd70b\" data-element_type=\"widget\" data-widget_type=\"aux_modern_heading.default\">\n\t\t\t\t<div class=\"elementor-widget-container\">\n\t\t\t\t\t<section class=\"aux-widget-modern-heading\">\n            <div class=\"aux-widget-inner\"><h2 class=\"aux-modern-heading-primary\">Kvarner Adventures<\/h2><div class=\"aux-modern-heading-description\"><p class=\"western translation-block\" lang=\"hr-HR\">We reveal to you the <strong>natural beauty, cultural heritage, and active tourism<\/strong>, offering every guest a unique experience. <br>Whether you\u2019re a fan of <strong>nature, history, or adrenaline<\/strong>, you\u2019ll find the perfect trip or package with us.<\/p><\/div><\/div>\n        <\/section>\t\t\t\t<\/div>\n\t\t\t\t<\/div>\n\t\t\t\t<div class=\"elementor-element elementor-element-58932e29 aux-appear-watch-animation aux-fade-in-up elementor-widget elementor-widget-aux_modern_heading\" data-id=\"58932e29\" data-element_type=\"widget\" data-widget_type=\"aux_modern_heading.default\">\n\t\t\t\t<div class=\"elementor-widget-container\">\n\t\t\t\t\t<section class=\"aux-widget-modern-heading\">\n            <div class=\"aux-widget-inner\"><h2 class=\"aux-modern-heading-primary\">Experience Kvarner!<\/h2><\/div>\n        <\/section>\t\t\t\t<\/div>\n\t\t\t\t<\/div>\n\t\t\t\t<\/div>\n\t\t\t\t\t<\/div>\n\t\t\t\t<\/div>\n\t\t<div class=\"aux-parallax-section elementor-element elementor-element-66ef437 e-con-full e-flex e-con e-parent\" data-id=\"66ef437\" data-element_type=\"container\" data-settings=\"{&quot;background_background&quot;:&quot;classic&quot;}\">\n\t\t<div class=\"elementor-element elementor-element-ff71741 aux-appear-watch-animation aux-fade-in-left e-con-full e-flex e-con e-child\" data-id=\"ff71741\" data-element_type=\"container\">\n\t\t\t\t<div class=\"elementor-element elementor-element-f4fb7cd elementor-widget elementor-widget-aux_image\" data-id=\"f4fb7cd\" data-element_type=\"widget\" data-widget_type=\"aux_image.default\">\n\t\t\t\t<div class=\"elementor-widget-container\">\n\t\t\t\t\t<section class=\"widget-container aux-widget-image aux-alignnone aux-parent-auba7b782c\">\n    <div class=\"aux-media-hint-frame\">\n        <div class=\"aux-media-image\" >\n        \n            \n\n            \n            <img decoding=\"async\" width=\"927\" height=\"849\" src=\"data:image\/gif;base64,R0lGODlhAQABAIAAAAAAAP\/\/\/yH5BAEAAAAALAAAAAABAAEAAAIBRAA7\" class=\"aux-attachment aux-featured-image aux-attachment-id-1364 aux-preload aux-blank\" alt=\"Do\u017eivite ljepote Kvarnera uz brodske izlete, quad avanture i smje\u0161taj u prirodi\" data-ratio=\"1.09\" data-original-w=\"927\" sizes=\"auto\" data-srcset=\"https:\/\/www.kvarner-adventures.hr\/wp-content\/uploads\/2025\/05\/dozivite-ljepote-kvarnera-brodski-izleti-avanture-150x137.webp 150w,https:\/\/www.kvarner-adventures.hr\/wp-content\/uploads\/2025\/05\/dozivite-ljepote-kvarnera-brodski-izleti-avanture-300x275.webp 300w,https:\/\/www.kvarner-adventures.hr\/wp-content\/uploads\/2025\/05\/dozivite-ljepote-kvarnera-brodski-izleti-avanture-768x704.webp 768w,https:\/\/www.kvarner-adventures.hr\/wp-content\/uploads\/2025\/05\/dozivite-ljepote-kvarnera-brodski-izleti-avanture-1037x950.webp 927w\" data-src=\"https:\/\/www.kvarner-adventures.hr\/wp-content\/uploads\/2025\/05\/dozivite-ljepote-kvarnera-brodski-izleti-avanture-1037x950.webp\" \/>            \n                <\/div>\n    <\/div>\n\n<\/section><!-- widget-container -->\t\t\t\t<\/div>\n\t\t\t\t<\/div>\n\t\t\t\t<\/div>\n\t\t<div class=\"elementor-element elementor-element-1a17ea2 e-con-full e-flex e-con e-child\" data-id=\"1a17ea2\" data-element_type=\"container\">\n\t\t\t\t<div class=\"elementor-element elementor-element-86649ed aux-appear-watch-animation aux-fade-in elementor-widget elementor-widget-aux_modern_heading\" data-id=\"86649ed\" data-element_type=\"widget\" data-widget_type=\"aux_modern_heading.default\">\n\t\t\t\t<div class=\"elementor-widget-container\">\n\t\t\t\t\t<section class=\"aux-widget-modern-heading\">\n            <div class=\"aux-widget-inner\"><h2 class=\"aux-modern-heading-primary\">DISCOVER THE BEAUTY OF KVARNER<\/h2><h3 class=\"aux-modern-heading-secondary translation-block\"><span class=\"aux-head-before\">Our offer <br>includes:<\/span><\/h3><div class=\"aux-modern-heading-divider\"><\/div><div class=\"aux-modern-heading-description\"><p data-start=\"247\" data-end=\"589\" class=\"translation-block\"><strong data-start=\"247\" data-end=\"275\">Boat trips and nature<\/strong> \u2013 visit the island of Rab, Goli otok, Sveti Grgur, the Zavratnica cove and Jablanac, as well as the island of Pag. <strong data-start=\"364\" data-end=\"410\">All tours can be customized to suit your preferences<\/strong>, offering <strong data-start=\"419\" data-end=\"444\">tailor-made excursions<\/strong> for families, couples, and adventurers. Explore the Northern Velebit National Park, a unique combination of mountain freshness and sea views.<\/p><p data-start=\"591\" data-end=\"720\" class=\"translation-block\"><strong>Adventure tours<\/strong> \u2013 quad rides through the nature of Kvarner offer an adrenaline-filled experience for all lovers of active holidays.<\/p><p data-start=\"722\" data-end=\"947\" class=\"translation-block\"><strong data-start=\"722\" data-end=\"758\">Team building, celebrations, and events<\/strong> \u2013 for companies and groups, we organize <strong data-start=\"792\" data-end=\"867\">team building activities, private celebrations, dinners in seaside taverns<\/strong>, and special events tailored to your wishes, designed to make every moment unforgettable.<\/p><p data-start=\"949\" data-end=\"1115\" class=\"translation-block\"><strong>Accommodation<\/strong> \u2013 relax in our comfortable apartments in the heart of Kvarner, ideal for couples, families, and groups, serving as a base for all adventures and personalized tours.<\/p><\/div><\/div>\n        <\/section>\t\t\t\t<\/div>\n\t\t\t\t<\/div>\n\t\t\t\t<\/div>\n\t\t\t\t<\/div>\n\t\t<div class=\"aux-parallax-section elementor-element elementor-element-aee413d e-flex e-con-boxed e-con e-parent\" data-id=\"aee413d\" data-element_type=\"container\" data-settings=\"{&quot;background_background&quot;:&quot;classic&quot;}\">\n\t\t\t\t\t<div class=\"e-con-inner\">\n\t\t<div class=\"elementor-element elementor-element-5c915ad e-con-full e-flex e-con e-child\" data-id=\"5c915ad\" data-element_type=\"container\">\n\t\t\t\t<div class=\"elementor-element elementor-element-9cd5f8d aux-appear-watch-animation aux-scale-down elementor-widget elementor-widget-aux_modern_heading\" data-id=\"9cd5f8d\" data-element_type=\"widget\" data-widget_type=\"aux_modern_heading.default\">\n\t\t\t\t<div class=\"elementor-widget-container\">\n\t\t\t\t\t<section class=\"aux-widget-modern-heading\">\n            <div class=\"aux-widget-inner\"><h2 class=\"aux-modern-heading-primary\">Embark on the adventure of a lifetime.<\/h2><div class=\"aux-modern-heading-description\"><p class=\"western translation-block\" lang=\"hr-HR\">Your ticket to unforgettable boat trips and adventures in one of Croatia\u2019s most beautiful regions \u2013 the Kvarner Bay.<\/br>\nJoin us and discover <strong>Kvarner in a whole new way<\/strong> \u2013 the sea, islands, mountains, and authentic stories are waiting for you!<\/p><\/div><\/div>\n        <\/section>\t\t\t\t<\/div>\n\t\t\t\t<\/div>\n\t\t\t\t<div class=\"elementor-element elementor-element-f72c0c6 elementor-widget elementor-widget-aux_modern_button\" data-id=\"f72c0c6\" data-element_type=\"widget\" data-widget_type=\"aux_modern_button.default\">\n\t\t\t\t<div class=\"elementor-widget-container\">\n\t\t\t\t\t    <div class=\"aux-modern-button-wrapper aux-modern-button-align-center\" >\n                    <a class=\"aux-modern-button aux-black aux-modern-button-xl aux-modern-button-normal aux-modern-button-default aux-icon-right\" href=\"https:\/\/www.kvarner-adventures.hr\/en\/kontakt\/\">\n                <div class=\"aux-overlay\"><\/div>\n                                    <div class=\"aux-icon\">\n                        <i aria-hidden=\"true\" class=\"auxicon2 auxicon2-arrow-chevron-small-right\"><\/i>                    <\/div>\n                                <div class=\"aux-text\">\n<span class=\"aux-text-before\">CONTACT US<\/span>                <\/div>\n            <\/a>\n            \n    <\/div>\n\n    \t\t\t\t<\/div>\n\t\t\t\t<\/div>\n\t\t\t\t<\/div>\n\t\t\t\t\t<\/div>\n\t\t\t\t<\/div>\n\t\t\t\t<\/div>","protected":false},"excerpt":{"rendered":"<p>O nama AVANTURA I ODMOR NA JEDNOM MJESTU Dobrodo\u0161li u Kvarner Adventures Do\u017eivite nezaboravne brodske izlete i avanture u srcu Kvarnerskog zaljeva. Istra\u017eite otoke Rab, Pag, Goli otok i Sveti Grgur, skrivene uvale poput Zavratnice i Jablanca, te jedinstvenu prirodu Nacionalnog parka Sjeverni Velebit. Za one \u017eeljne adrenalina nudimo quad ture kroz netaknutu prirodu Kvarnera, [&hellip;]<\/p>\n","protected":false},"author":1,"featured_media":0,"parent":0,"menu_order":0,"comment_status":"closed","ping_status":"closed","template":"templates\/page-builder-content.php","meta":{"footnotes":""},"class_list":["post-65","page","type-page","status-publish","hentry"],"_links":{"self":[{"href":"https:\/\/www.kvarner-adventures.hr\/en\/wp-json\/wp\/v2\/pages\/65","targetHints":{"allow":["GET"]}}],"collection":[{"href":"https:\/\/www.kvarner-adventures.hr\/en\/wp-json\/wp\/v2\/pages"}],"about":[{"href":"https:\/\/www.kvarner-adventures.hr\/en\/wp-json\/wp\/v2\/types\/page"}],"author":[{"embeddable":true,"href":"https:\/\/www.kvarner-adventures.hr\/en\/wp-json\/wp\/v2\/users\/1"}],"replies":[{"embeddable":true,"href":"https:\/\/www.kvarner-adventures.hr\/en\/wp-json\/wp\/v2\/comments?post=65"}],"version-history":[{"count":280,"href":"https:\/\/www.kvarner-adventures.hr\/en\/wp-json\/wp\/v2\/pages\/65\/revisions"}],"predecessor-version":[{"id":3763,"href":"https:\/\/www.kvarner-adventures.hr\/en\/wp-json\/wp\/v2\/pages\/65\/revisions\/3763"}],"wp:attachment":[{"href":"https:\/\/www.kvarner-adventures.hr\/en\/wp-json\/wp\/v2\/media?parent=65"}],"curies":[{"name":"wp","href":"https:\/\/api.w.org\/{rel}","templated":true}]}}