{"id":1969,"date":"2025-05-15T08:06:45","date_gmt":"2025-05-15T08:06:45","guid":{"rendered":"https:\/\/www.kvarner-adventures.hr\/?page_id=1969"},"modified":"2025-10-27T09:21:05","modified_gmt":"2025-10-27T09:21:05","slug":"quad-avanture","status":"publish","type":"page","link":"https:\/\/www.kvarner-adventures.hr\/en\/quad-avanture\/","title":{"rendered":"Quad Adventures"},"content":{"rendered":"<div data-elementor-type=\"wp-post\" data-elementor-id=\"1969\" class=\"elementor elementor-1969\">\n\t\t\t\t<div class=\"aux-parallax-section elementor-element elementor-element-6d3f161 e-flex e-con-boxed e-con e-parent\" data-id=\"6d3f161\" data-element_type=\"container\" data-settings=\"{&quot;background_background&quot;:&quot;classic&quot;}\">\n\t\t\t\t\t<div class=\"e-con-inner\">\n\t\t<div class=\"elementor-element elementor-element-e9045aa aux-appear-watch-animation aux-fade-in-right e-con-full e-flex e-con e-child\" data-id=\"e9045aa\" data-element_type=\"container\">\n\t\t\t\t<div class=\"elementor-element elementor-element-2c17235 elementor-widget elementor-widget-aux_modern_heading\" data-id=\"2c17235\" data-element_type=\"widget\" data-widget_type=\"aux_modern_heading.default\">\n\t\t\t\t<div class=\"elementor-widget-container\">\n\t\t\t\t\t<section class=\"aux-widget-modern-heading\">\n            <div class=\"aux-widget-inner\"><h2 class=\"aux-modern-heading-primary\">Quad Adventures<\/h2><\/div>\n        <\/section>\t\t\t\t<\/div>\n\t\t\t\t<\/div>\n\t\t\t\t<\/div>\n\t\t\t\t\t<\/div>\n\t\t\t\t<\/div>\n\t\t<div class=\"aux-parallax-section elementor-element elementor-element-3c698ce8 e-flex e-con-boxed e-con e-parent\" data-id=\"3c698ce8\" data-element_type=\"container\">\n\t\t\t\t\t<div class=\"e-con-inner\">\n\t\t<div class=\"elementor-element elementor-element-1637defe e-con-full e-flex e-con e-child\" data-id=\"1637defe\" data-element_type=\"container\">\n\t\t\t\t<div class=\"elementor-element elementor-element-651d3762 aux-appear-watch-animation aux-fade-in-up elementor-widget elementor-widget-aux_modern_heading\" data-id=\"651d3762\" data-element_type=\"widget\" data-widget_type=\"aux_modern_heading.default\">\n\t\t\t\t<div class=\"elementor-widget-container\">\n\t\t\t\t\t<section class=\"aux-widget-modern-heading\">\n            <div class=\"aux-widget-inner\"><h2 class=\"aux-modern-heading-primary\">THRILLING RIDE THROUGH NATURE<\/h2><h3 class=\"aux-modern-heading-secondary\"><span class=\"aux-head-before\">Quad Adventure Around Kvarner with Kvarner Adventures<\/span><\/h3><div class=\"aux-modern-heading-divider\"><\/div><div class=\"aux-modern-heading-description\"><p class=\"translation-block\"><span class=\"_fadeIn_m1hgl_8\">Experience an unforgettable <\/span><strong><span class=\"_fadeIn_m1hgl_8\">quad adventure through Kvarner<\/span><\/strong><span class=\"_fadeIn_m1hgl_8\"> with <\/span><strong><span class=\"_fadeIn_m1hgl_8\">Kvarner Adventures!<\/span><\/strong><span class=\"_fadeIn_m1hgl_8\"> Ride along scenic forest trails, gravel roads, and mountain viewpoints, discovering hidden natural spots you won\u2019t find in any guidebook. Perfect for anyone seeking <\/span><strong><span class=\"_fadeIn_m1hgl_8\">adrenaline<\/span><\/strong><span class=\"_fadeIn_m1hgl_8\">, <\/span><strong><span class=\"_fadeIn_m1hgl_8\">exploration<\/span><span class=\"_fadeIn_m1hgl_8\">, and breathtaking views.<\/strong><\/span><\/p><\/div><\/div>\n        <\/section>\t\t\t\t<\/div>\n\t\t\t\t<\/div>\n\t\t\t\t<div class=\"elementor-element elementor-element-63315dd elementor-widget elementor-widget-aux_modern_button\" data-id=\"63315dd\" data-element_type=\"widget\" data-widget_type=\"aux_modern_button.default\">\n\t\t\t\t<div class=\"elementor-widget-container\">\n\t\t\t\t\t    <div class=\"aux-modern-button-wrapper aux-modern-button-align-left\" >\n                    <a class=\"aux-modern-button aux-black aux-modern-button-md aux-modern-button-normal aux-modern-button-outline aux-icon-\" href=\"https:\/\/www.kvarner-adventures.hr\/en\/kontakt\/\">\n                <div class=\"aux-overlay\"><\/div>\n                                <div class=\"aux-text\">\n<span class=\"aux-text-before\">CONTACT US<\/span>                <\/div>\n            <\/a>\n            \n    <\/div>\n\n    \t\t\t\t<\/div>\n\t\t\t\t<\/div>\n\t\t\t\t<\/div>\n\t\t<div class=\"elementor-element elementor-element-7d5957b1 aux-appear-watch-animation aux-fade-in-right-1 e-con-full e-flex e-con e-child\" data-id=\"7d5957b1\" data-element_type=\"container\">\n\t\t\t\t<div class=\"elementor-element elementor-element-798b02e8 elementor-widget elementor-widget-aux_image\" data-id=\"798b02e8\" data-element_type=\"widget\" data-widget_type=\"aux_image.default\">\n\t\t\t\t<div class=\"elementor-widget-container\">\n\t\t\t\t\t<section class=\"widget-container aux-widget-image aux-alignnone aux-parent-auca12539b\">\n    <div class=\"aux-media-hint-frame\">\n        <div class=\"aux-media-image\" >\n        \n            \n\n            \n            <img fetchpriority=\"high\" decoding=\"async\" width=\"377\" height=\"700\" src=\"data:image\/gif;base64,R0lGODlhAQABAIAAAAAAAP\/\/\/yH5BAEAAAAALAAAAAABAAEAAAIBRAA7\" class=\"aux-attachment aux-featured-image aux-attachment-id-2049 aux-preload aux-blank\" alt=\"Quad vo\u017enja po brdskom putu s panoramskim pogledom na Kvarner\" data-ratio=\"0.54\" data-original-w=\"768\" sizes=\"auto\" data-srcset=\"https:\/\/www.kvarner-adventures.hr\/wp-content\/uploads\/2025\/05\/kvarner-adventures-quad-voznja-pogled-kvarner-150x279.webp 150w,https:\/\/www.kvarner-adventures.hr\/wp-content\/uploads\/2025\/05\/kvarner-adventures-quad-voznja-pogled-kvarner-300x557.webp 300w,https:\/\/www.kvarner-adventures.hr\/wp-content\/uploads\/2025\/05\/kvarner-adventures-quad-voznja-pogled-kvarner-377x700.webp 377w\" data-src=\"https:\/\/www.kvarner-adventures.hr\/wp-content\/uploads\/2025\/05\/kvarner-adventures-quad-voznja-pogled-kvarner-377x700.webp\" \/>            \n                <\/div>\n    <\/div>\n\n<\/section><!-- widget-container -->\t\t\t\t<\/div>\n\t\t\t\t<\/div>\n\t\t\t\t<\/div>\n\t\t<div class=\"elementor-element elementor-element-668bd246 aux-appear-watch-animation aux-fade-in-right-1 e-con-full e-flex e-con e-child\" data-id=\"668bd246\" data-element_type=\"container\">\n\t\t\t\t<div class=\"elementor-element elementor-element-1eb6621e elementor-widget elementor-widget-aux_image\" data-id=\"1eb6621e\" data-element_type=\"widget\" data-widget_type=\"aux_image.default\">\n\t\t\t\t<div class=\"elementor-widget-container\">\n\t\t\t\t\t<section class=\"widget-container aux-widget-image aux-alignnone aux-parent-au8f4f8826\">\n    <div class=\"aux-media-hint-frame\">\n        <div class=\"aux-media-image\" >\n        \n            \n\n            \n            <img decoding=\"async\" width=\"377\" height=\"700\" src=\"data:image\/gif;base64,R0lGODlhAQABAIAAAAAAAP\/\/\/yH5BAEAAAAALAAAAAABAAEAAAIBRAA7\" class=\"aux-attachment aux-featured-image aux-attachment-id-2053 aux-preload aux-blank\" alt=\"Quad vo\u017enja po brdskom putu s panoramskim pogledom na Kvarner\" data-ratio=\"0.54\" data-original-w=\"768\" sizes=\"auto\" data-srcset=\"https:\/\/www.kvarner-adventures.hr\/wp-content\/uploads\/2025\/05\/kvarner-adventures-quad-kvarner-pogled-more-150x279.webp 150w,https:\/\/www.kvarner-adventures.hr\/wp-content\/uploads\/2025\/05\/kvarner-adventures-quad-kvarner-pogled-more-300x557.webp 300w,https:\/\/www.kvarner-adventures.hr\/wp-content\/uploads\/2025\/05\/kvarner-adventures-quad-kvarner-pogled-more-377x700.webp 377w\" data-src=\"https:\/\/www.kvarner-adventures.hr\/wp-content\/uploads\/2025\/05\/kvarner-adventures-quad-kvarner-pogled-more-377x700.webp\" \/>            \n                <\/div>\n    <\/div>\n\n<\/section><!-- widget-container -->\t\t\t\t<\/div>\n\t\t\t\t<\/div>\n\t\t\t\t<\/div>\n\t\t\t\t\t<\/div>\n\t\t\t\t<\/div>\n\t\t<div class=\"aux-parallax-section elementor-element elementor-element-4ccb29e e-flex e-con-boxed e-con e-parent\" data-id=\"4ccb29e\" data-element_type=\"container\" data-settings=\"{&quot;background_background&quot;:&quot;classic&quot;}\">\n\t\t\t\t\t<div class=\"e-con-inner\">\n\t\t<div class=\"elementor-element elementor-element-783f4e0 e-con-full e-flex e-con e-child\" data-id=\"783f4e0\" data-element_type=\"container\">\n\t\t\t\t<div class=\"elementor-element elementor-element-f3766d8 aux-appear-watch-animation aux-scale-down elementor-widget elementor-widget-aux_modern_heading\" data-id=\"f3766d8\" data-element_type=\"widget\" data-widget_type=\"aux_modern_heading.default\">\n\t\t\t\t<div class=\"elementor-widget-container\">\n\t\t\t\t\t<section class=\"aux-widget-modern-heading\">\n            <div class=\"aux-widget-inner\"><h2 class=\"aux-modern-heading-primary\">For adrenaline seekers<\/h2><div class=\"aux-modern-heading-description translation-block\"><span class=\"_fadeIn_m1hgl_8\">Embark on an unforgettable <\/span><strong><span class=\"_fadeIn_m1hgl_8\">off-road adventure <\/span><\/strong><span class=\"_fadeIn_m1hgl_8\">through the stunning Kvarner landscape. <br>Explore the <strong>wild nature<\/strong> and enjoy a ride that <strong>gets your heart racing<\/strong>.<\/span><\/div><\/div>\n        <\/section>\t\t\t\t<\/div>\n\t\t\t\t<\/div>\n\t\t\t\t<div class=\"elementor-element elementor-element-4fa11f8 elementor-widget elementor-widget-aux_modern_button\" data-id=\"4fa11f8\" data-element_type=\"widget\" data-widget_type=\"aux_modern_button.default\">\n\t\t\t\t<div class=\"elementor-widget-container\">\n\t\t\t\t\t    <div class=\"aux-modern-button-wrapper aux-modern-button-align-center\" >\n                    <a class=\"aux-modern-button aux-black aux-modern-button-xl aux-modern-button-normal aux-modern-button-default aux-icon-right\" href=\"https:\/\/www.kvarner-adventures.hr\/en\/usluge\/\">\n                <div class=\"aux-overlay\"><\/div>\n                                    <div class=\"aux-icon\">\n                        <i aria-hidden=\"true\" class=\"auxicon2 auxicon2-arrow-chevron-small-right\"><\/i>                    <\/div>\n                                <div class=\"aux-text\">\n<span class=\"aux-text-before\">MORE OF OUR SERVICES<\/span>                <\/div>\n            <\/a>\n            \n    <\/div>\n\n    \t\t\t\t<\/div>\n\t\t\t\t<\/div>\n\t\t\t\t<\/div>\n\t\t\t\t\t<\/div>\n\t\t\t\t<\/div>\n\t\t\t\t<\/div>","protected":false},"excerpt":{"rendered":"<p>Quad avanture ADRENALINSKA VO\u017dNJA PO PRIRODI Quad avantura po Kvarneru s Kvarner Adventures Do\u017eivite nezaboravnu quad avanturu po Kvarneru s Kvarner Adventures! Vozite kroz slikovite \u0161umske staze, makadamske puteve i planinske vidikovce te otkrijte skrivene kutke prirode koje ne\u0107ete prona\u0107i u vodi\u010dima. Idealno za sve \u017eeljne adrenalina, istra\u017eivanja i pogleda koji oduzimaju dah. KONTAKTIRAJTE NAS [&hellip;]<\/p>\n","protected":false},"author":1,"featured_media":0,"parent":0,"menu_order":0,"comment_status":"closed","ping_status":"closed","template":"templates\/page-builder-content.php","meta":{"footnotes":""},"class_list":["post-1969","page","type-page","status-publish","hentry"],"_links":{"self":[{"href":"https:\/\/www.kvarner-adventures.hr\/en\/wp-json\/wp\/v2\/pages\/1969","targetHints":{"allow":["GET"]}}],"collection":[{"href":"https:\/\/www.kvarner-adventures.hr\/en\/wp-json\/wp\/v2\/pages"}],"about":[{"href":"https:\/\/www.kvarner-adventures.hr\/en\/wp-json\/wp\/v2\/types\/page"}],"author":[{"embeddable":true,"href":"https:\/\/www.kvarner-adventures.hr\/en\/wp-json\/wp\/v2\/users\/1"}],"replies":[{"embeddable":true,"href":"https:\/\/www.kvarner-adventures.hr\/en\/wp-json\/wp\/v2\/comments?post=1969"}],"version-history":[{"count":130,"href":"https:\/\/www.kvarner-adventures.hr\/en\/wp-json\/wp\/v2\/pages\/1969\/revisions"}],"predecessor-version":[{"id":3790,"href":"https:\/\/www.kvarner-adventures.hr\/en\/wp-json\/wp\/v2\/pages\/1969\/revisions\/3790"}],"wp:attachment":[{"href":"https:\/\/www.kvarner-adventures.hr\/en\/wp-json\/wp\/v2\/media?parent=1969"}],"curies":[{"name":"wp","href":"https:\/\/api.w.org\/{rel}","templated":true}]}}